{"id":970,"date":"2025-03-17T14:16:53","date_gmt":"2025-03-17T12:16:53","guid":{"rendered":"https:\/\/kulttuurigoesbaari.fi\/?page_id=970"},"modified":"2026-03-01T14:08:57","modified_gmt":"2026-03-01T12:08:57","slug":"esiintyjat-2026-tolpan-krouvi","status":"publish","type":"page","link":"https:\/\/kulttuurigoesbaari.fi\/?page_id=970","title":{"rendered":"Esiintyj\u00e4t 2026 &#8211; Tolpan Krouvi"},"content":{"rendered":"\n<p>Hyvink\u00e4\u00e4n perinteisin olohuone! (Since.1970)<\/p>\n\n\n\n<p><a href=\"https:\/\/www.instagram.com\/tolpan_krouvi\/\">https:\/\/www.instagram.com\/tolpan_krouvi\/<\/a><br><a href=\"https:\/\/www.facebook.com\/profile.php?id=100063757171793\" data-type=\"link\" data-id=\"https:\/\/www.facebook.com\/profile.php?id=100063757171793\">https:\/\/www.facebook.com\/profile.php?id=100063757171793<\/a><\/p>\n\n\n\n<div class=\"wp-block-columns is-layout-flex wp-container-core-columns-is-layout-9d6595d7 wp-block-columns-is-layout-flex\">\n<div class=\"wp-block-column is-layout-flow wp-block-column-is-layout-flow\">\n<figure class=\"wp-block-image size-large\"><img loading=\"lazy\" decoding=\"async\" width=\"819\" height=\"1024\" src=\"https:\/\/kulttuurigoesbaari.fi\/wp-content\/uploads\/2026\/02\/2026_le-zok-819x1024.jpg\" alt=\"\" class=\"wp-image-1299\" srcset=\"https:\/\/kulttuurigoesbaari.fi\/wp-content\/uploads\/2026\/02\/2026_le-zok-819x1024.jpg 819w, https:\/\/kulttuurigoesbaari.fi\/wp-content\/uploads\/2026\/02\/2026_le-zok-240x300.jpg 240w, https:\/\/kulttuurigoesbaari.fi\/wp-content\/uploads\/2026\/02\/2026_le-zok.jpg 1080w\" sizes=\"auto, (max-width: 819px) 100vw, 819px\" \/><\/figure>\n<\/div>\n\n\n\n<div class=\"wp-block-column is-layout-flow wp-block-column-is-layout-flow\">\n<h2 class=\"wp-block-heading\">LE ZOK<\/h2>\n\n\n\n<p>Musiikkigenre: Vaihtoehtorock<br><br><a href=\"https:\/\/www.facebook.com\/profile.php?id=100083437512607\" target=\"_blank\" rel=\"noreferrer noopener\">Facebook<\/a><br><a href=\"https:\/\/www.instagram.com\/le_zok\" target=\"_blank\" rel=\"noreferrer noopener\">Instagram<\/a><br><a href=\"https:\/\/www.youtube.com\/channel\/UCfagGsx-xcMSzzTSLJihLLQ\">Youtube<\/a><br><a href=\"https:\/\/open.spotify.com\/artist\/3efbdxyrg5hAAKzP21muxc?si=9xKStFDxR4Omxta9jstXaA\" target=\"_blank\" rel=\"noreferrer noopener\">Spotify<\/a><br><br>Le Zok on helsinkil\u00e4inen nelihenkinen vaihtoehtorockyhtye. Kokeilevaa suoraviivaisuutta, arvoituksellisia sanoituksia ja ep\u00e4konventionaalisia struktuureja viljelev\u00e4\u00e4 yhtyett\u00e4 ei ole helppo asettaa mihink\u00e4\u00e4n valmiiseen lokeroon. B\u00e4ndin orgaanisessa ja juuri sopivan r\u00e4k\u00e4isess\u00e4 soundissa on tunnistettavissa elementtej\u00e4 niin garagesta, psykest\u00e4, grungesta kuin uuden aallon rockista. B\u00e4ndin periaatteessa tutun kuuloista mutta kuitenkin vahvan oma\u00e4\u00e4nist\u00e4 musiikkia on verrattu mm. erikoisrockin legendoihin Ismo Alankoon ja Ristoon. Yhtye julkaisee debyyttialbuminsa &#8221;Yks\u00e4s&#8221; 26.3.2026. Juhlistamme siis KGB:lla samalla levynjulkkareita!<\/p>\n<\/div>\n<\/div>\n\n\n\n<div class=\"wp-block-columns is-layout-flex wp-container-core-columns-is-layout-9d6595d7 wp-block-columns-is-layout-flex\">\n<div class=\"wp-block-column is-layout-flow wp-block-column-is-layout-flow\">\n<figure class=\"wp-block-image size-full\"><img loading=\"lazy\" decoding=\"async\" width=\"1080\" height=\"1350\" src=\"https:\/\/kulttuurigoesbaari.fi\/wp-content\/uploads\/2026\/03\/2026_weak-trees.jpg\" alt=\"\" class=\"wp-image-1318\"\/><\/figure>\n<\/div>\n\n\n\n<div class=\"wp-block-column is-layout-flow wp-block-column-is-layout-flow\">\n<h2 class=\"wp-block-heading\">WEAK TREES<\/h2>\n\n\n\n<p>Musiikkigenre: Grunge, Stoner rock, alternative<br><br><a href=\"https:\/\/weaktrees.bandcamp.com\">Nettisivut<\/a><br><a href=\"https:\/\/www.facebook.com\/weaktrees\">Facebook<\/a><br><a href=\"https:\/\/www.instagram.com\/weak_trees_band\/\" target=\"_blank\" rel=\"noreferrer noopener\">Instagram<\/a><br><a href=\"https:\/\/www.youtube.com\/@weak_trees_band\" target=\"_blank\" rel=\"noreferrer noopener\">Youtube<\/a><br><a href=\"https:\/\/open.spotify.com\/artist\/58xFzquQF2NwrFwDzEbPwd?si=Z9tXdqd1RWaIO_CzpI-24g\">Spotify<\/a><br><br>Weak Trees soittaa omaa sielukasta keitostaan raaka-aineina grunge\/stoner rock\/alternative ja pieni ripaus bluesia.<\/p>\n<\/div>\n<\/div>\n\n\n\n<div class=\"wp-block-columns is-layout-flex wp-container-core-columns-is-layout-9d6595d7 wp-block-columns-is-layout-flex\">\n<div class=\"wp-block-column is-layout-flow wp-block-column-is-layout-flow\">\n<figure class=\"wp-block-image size-large\"><img loading=\"lazy\" decoding=\"async\" width=\"819\" height=\"1024\" src=\"https:\/\/kulttuurigoesbaari.fi\/wp-content\/uploads\/2026\/02\/2026_alcyria-819x1024.jpg\" alt=\"\" class=\"wp-image-1303\" srcset=\"https:\/\/kulttuurigoesbaari.fi\/wp-content\/uploads\/2026\/02\/2026_alcyria-819x1024.jpg 819w, https:\/\/kulttuurigoesbaari.fi\/wp-content\/uploads\/2026\/02\/2026_alcyria-240x300.jpg 240w, https:\/\/kulttuurigoesbaari.fi\/wp-content\/uploads\/2026\/02\/2026_alcyria-768x960.jpg 768w, https:\/\/kulttuurigoesbaari.fi\/wp-content\/uploads\/2026\/02\/2026_alcyria.jpg 1080w\" sizes=\"auto, (max-width: 819px) 100vw, 819px\" \/><\/figure>\n<\/div>\n\n\n\n<div class=\"wp-block-column is-layout-flow wp-block-column-is-layout-flow\">\n<h2 class=\"wp-block-heading\">ALCYRIA<\/h2>\n\n\n\n<p>Musiikkigenre: Metalli\/proge<\/p>\n\n\n\n<p><a href=\"https:\/\/youtube.com\/channel\/UCw_-vpu22aRk4UDF3GozYeQ?si=xctw3EA5ykoh8U08\">Youtube<\/a><br><a href=\"https:\/\/open.spotify.com\/artist\/6Ki99eLXexp32vEGPbaGG3?si=DsNENB6xQb-WpxDjOANGAw\">Spotify<\/a><\/p>\n\n\n\n<p>Alcyria on Hyvink\u00e4\u00e4lt\u00e4 kotoisin oleva nelihenkinen yhtye, jonka musiikki tarjoilee melodista metallia raskaammasta poljennosta aina hieman kevyemp\u00e4\u00e4n tunnelmointiin \u2013 progemausteita unohtamatta. Debyytti EP (03\/2025) kuunneltavissa suoratoistopalveluissa.<\/p>\n<\/div>\n<\/div>\n\n\n\n<div class=\"wp-block-columns is-layout-flex wp-container-core-columns-is-layout-9d6595d7 wp-block-columns-is-layout-flex\">\n<div class=\"wp-block-column is-layout-flow wp-block-column-is-layout-flow\">\n<figure class=\"wp-block-image size-large\"><img loading=\"lazy\" decoding=\"async\" width=\"819\" height=\"1024\" src=\"https:\/\/kulttuurigoesbaari.fi\/wp-content\/uploads\/2026\/02\/2026_miekkataksi-819x1024.jpg\" alt=\"\" class=\"wp-image-1304\" srcset=\"https:\/\/kulttuurigoesbaari.fi\/wp-content\/uploads\/2026\/02\/2026_miekkataksi-819x1024.jpg 819w, https:\/\/kulttuurigoesbaari.fi\/wp-content\/uploads\/2026\/02\/2026_miekkataksi-240x300.jpg 240w, https:\/\/kulttuurigoesbaari.fi\/wp-content\/uploads\/2026\/02\/2026_miekkataksi-768x960.jpg 768w, https:\/\/kulttuurigoesbaari.fi\/wp-content\/uploads\/2026\/02\/2026_miekkataksi.jpg 1080w\" sizes=\"auto, (max-width: 819px) 100vw, 819px\" \/><\/figure>\n<\/div>\n\n\n\n<div class=\"wp-block-column is-layout-flow wp-block-column-is-layout-flow\">\n<h2 class=\"wp-block-heading\">MIEKKATAKSI<\/h2>\n\n\n\n<p>Musiikkigenre: Punk<br><br><a href=\"https:\/\/1drv.ms\/v\/c\/546b2c0ddf8aed22\/IQBDyUEdUXVMR66MNt6NWb9WAfdXx-8uD8WPzEZVB2Rt4Nw?e=8jVOHd\" target=\"_blank\" rel=\"noreferrer noopener\">Musan\u00e4yte<\/a><br><br>Miekkataksi on hyvink\u00e4\u00e4l\u00e4inen b\u00e4ndi, joka soittaa 1970-luvun suomalaisia Punk-biisej\u00e4. Miekkataksi toimi ennen Kirkuvat Kakarat nimell\u00e4 ja soitti mm. v. 2025 Kulttuuri Goes Baari-tapahtumassa Tolpan krouvissa. Miekkataksin muita v. 2025 keikkoja on ollut 23.5. 2025 Vanhassa Mestarissa Riihim\u00e4ell\u00e4 ja 17.10.2025 Hyvink\u00e4\u00e4n asunnottomien y\u00f6ss\u00e4.<br><br>Miekkataksi:<br>Basso: Timo Aula<br>Laulaja: Jani Puhakka<br>Kitara: Pertti Maaranen<br>Kitara: Jimmy<br>Rumpali: Heikki Huotari<\/p>\n<\/div>\n<\/div>\n\n\n\n<div class=\"wp-block-columns is-layout-flex wp-container-core-columns-is-layout-9d6595d7 wp-block-columns-is-layout-flex\">\n<div class=\"wp-block-column is-layout-flow wp-block-column-is-layout-flow\">\n<figure class=\"wp-block-image size-large\"><img loading=\"lazy\" decoding=\"async\" width=\"819\" height=\"1024\" src=\"https:\/\/kulttuurigoesbaari.fi\/wp-content\/uploads\/2026\/02\/2026_katoorava-819x1024.jpg\" alt=\"\" class=\"wp-image-1305\" srcset=\"https:\/\/kulttuurigoesbaari.fi\/wp-content\/uploads\/2026\/02\/2026_katoorava-819x1024.jpg 819w, https:\/\/kulttuurigoesbaari.fi\/wp-content\/uploads\/2026\/02\/2026_katoorava-240x300.jpg 240w, https:\/\/kulttuurigoesbaari.fi\/wp-content\/uploads\/2026\/02\/2026_katoorava-768x960.jpg 768w, https:\/\/kulttuurigoesbaari.fi\/wp-content\/uploads\/2026\/02\/2026_katoorava.jpg 1080w\" sizes=\"auto, (max-width: 819px) 100vw, 819px\" \/><\/figure>\n<\/div>\n\n\n\n<div class=\"wp-block-column is-layout-flow wp-block-column-is-layout-flow\">\n<h2 class=\"wp-block-heading\">KATO!ORAVA<\/h2>\n\n\n\n<p>Musiikkigenre: Rock<br><br><a href=\"https:\/\/www.facebook.com\/kato.orava\" target=\"_blank\" rel=\"noreferrer noopener\">Facebook<\/a><br><a href=\"https:\/\/www.instagram.com\/katoorava\/\">Instagram<\/a><br><a href=\"https:\/\/youtu.be\/zGy9jMK4tKY?si=9sPrNlZ_2OQpHXSb\">Youtube<\/a><br><br>KATO!ORAVA on tiukka rock-kvartetti, joka operoi akselilla Sielun Veljet &#8211; Kauko R\u00f6yhk\u00e4 &#8211; Tuomari Nurmio &#8211; Kumikameli sek\u00e4 ulkomaisia covereita suomeksi b\u00e4ndeilt\u00e4 kuten Primus, Nine Inch Nails, Bauhaus\/DeadCross kotimaisilla sanoituksilla.<br><br>Jukka Kurkela \u2013 Kitara ja laulu<br>Sakke Kiiski \u2013 Kitara<br>Jukka Valjakka \u2013 Basso<br>Topi Pyh\u00e4lt\u00f6 \u2013 Rummut<\/p>\n<\/div>\n<\/div>\n","protected":false},"excerpt":{"rendered":"<div class=\"mh-excerpt\"><p>Hyvink\u00e4\u00e4n perinteisin olohuone! (Since.1970) https:\/\/www.instagram.com\/tolpan_krouvi\/https:\/\/www.facebook.com\/profile.php?id=100063757171793 LE ZOK Musiikkigenre: Vaihtoehtorock FacebookInstagramYoutubeSpotify Le Zok on helsinkil\u00e4inen nelihenkinen vaihtoehtorockyhtye. Kokeilevaa suoraviivaisuutta, arvoituksellisia sanoituksia ja ep\u00e4konventionaalisia struktuureja viljelev\u00e4\u00e4 yhtyett\u00e4 <a class=\"mh-excerpt-more\" href=\"https:\/\/kulttuurigoesbaari.fi\/?page_id=970\" title=\"Esiintyj\u00e4t 2026 &#8211; Tolpan Krouvi\">[&#8230;]<\/a><\/p>\n<\/div>","protected":false},"author":3,"featured_media":0,"parent":866,"menu_order":0,"comment_status":"closed","ping_status":"closed","template":"","meta":{"footnotes":""},"class_list":["post-970","page","type-page","status-publish","hentry"],"_links":{"self":[{"href":"https:\/\/kulttuurigoesbaari.fi\/index.php?rest_route=\/wp\/v2\/pages\/970","targetHints":{"allow":["GET"]}}],"collection":[{"href":"https:\/\/kulttuurigoesbaari.fi\/index.php?rest_route=\/wp\/v2\/pages"}],"about":[{"href":"https:\/\/kulttuurigoesbaari.fi\/index.php?rest_route=\/wp\/v2\/types\/page"}],"author":[{"embeddable":true,"href":"https:\/\/kulttuurigoesbaari.fi\/index.php?rest_route=\/wp\/v2\/users\/3"}],"replies":[{"embeddable":true,"href":"https:\/\/kulttuurigoesbaari.fi\/index.php?rest_route=%2Fwp%2Fv2%2Fcomments&post=970"}],"version-history":[{"count":10,"href":"https:\/\/kulttuurigoesbaari.fi\/index.php?rest_route=\/wp\/v2\/pages\/970\/revisions"}],"predecessor-version":[{"id":1322,"href":"https:\/\/kulttuurigoesbaari.fi\/index.php?rest_route=\/wp\/v2\/pages\/970\/revisions\/1322"}],"up":[{"embeddable":true,"href":"https:\/\/kulttuurigoesbaari.fi\/index.php?rest_route=\/wp\/v2\/pages\/866"}],"wp:attachment":[{"href":"https:\/\/kulttuurigoesbaari.fi\/index.php?rest_route=%2Fwp%2Fv2%2Fmedia&parent=970"}],"curies":[{"name":"wp","href":"https:\/\/api.w.org\/{rel}","templated":true}]}}