{"id":866,"date":"2025-02-25T18:58:11","date_gmt":"2025-02-25T16:58:11","guid":{"rendered":"https:\/\/kulttuurigoesbaari.fi\/?page_id=866"},"modified":"2026-03-19T21:54:05","modified_gmt":"2026-03-19T19:54:05","slug":"tapahtuman-aikataulu-2026","status":"publish","type":"page","link":"https:\/\/kulttuurigoesbaari.fi\/?page_id=866","title":{"rendered":"Tapahtuman aikataulu 2026"},"content":{"rendered":"\n<p>Vuoden 2026 Kulttuuri Goes Baari kaupunkifestarin baarikohtaiset aikataulut l\u00f6ytyv\u00e4t t\u00e4\u00e4lt\u00e4. Alla my\u00f6s kaikki aikataulut pdf-muotoisena vaikka tulostettavaksi taskuun!<\/p>\n\n\n\n<p><a href=\"https:\/\/kulttuurigoesbaari.fi\/wp-content\/uploads\/2026\/03\/Kulttuuri-Goes-Baari-2026-Aikataulu.pdf\" target=\"_blank\" rel=\"noreferrer noopener\"><strong>Kulttuuri Goes Baari 2026 aikataulu &#8211; kaikki<\/strong><\/a><\/p>\n\n\n\n<p><a href=\"https:\/\/kulttuurigoesbaari.fi\/?page_id=891\" data-type=\"page\" data-id=\"891\">Esiintyj\u00e4t 2026 &#8211; Ale Pub<\/a><br><a href=\"https:\/\/kulttuurigoesbaari.fi\/?page_id=902\" data-type=\"page\" data-id=\"902\">Esiintyj\u00e4t 2026 &#8211; Baanan yl\u00e4kerta<\/a><br><a href=\"https:\/\/kulttuurigoesbaari.fi\/?page_id=910\" data-type=\"page\" data-id=\"910\">Esiintyj\u00e4t 2026 &#8211; Check Inn<\/a><br><a href=\"https:\/\/kulttuurigoesbaari.fi\/?page_id=920\" data-type=\"page\" data-id=\"920\">Esiintyj\u00e4t 2026 &#8211; Crafters<\/a><br><a href=\"https:\/\/kulttuurigoesbaari.fi\/?page_id=934\" data-type=\"page\" data-id=\"934\">Esiintyj\u00e4t 2026 &#8211; Haarikka<\/a><br><a href=\"https:\/\/kulttuurigoesbaari.fi\/?page_id=963\" data-type=\"page\" data-id=\"963\">Esiintyj\u00e4t 2026 &#8211; Medicin Man<\/a><br><a href=\"https:\/\/kulttuurigoesbaari.fi\/?page_id=943\" data-type=\"page\" data-id=\"943\">Esiintyj\u00e4t 2026 &#8211; Oluthuone Joutsen<\/a><br><a href=\"https:\/\/kulttuurigoesbaari.fi\/?page_id=1225\" data-type=\"page\" data-id=\"1225\">Esiintyj\u00e4t 2026 &#8211; Slo Room<\/a><br><a href=\"https:\/\/kulttuurigoesbaari.fi\/?page_id=1089\" data-type=\"page\" data-id=\"1089\">Esiintyj\u00e4t 2026 &#8211; Tapahtumatehdas<\/a><br><a href=\"https:\/\/kulttuurigoesbaari.fi\/?page_id=970\" data-type=\"page\" data-id=\"970\">Esiintyj\u00e4t 2026 &#8211; Tolpan Krouvi<\/a><\/p>\n\n\n\n<div class=\"wp-block-columns is-layout-flex wp-container-core-columns-is-layout-9d6595d7 wp-block-columns-is-layout-flex\">\n<div class=\"wp-block-column is-layout-flow wp-block-column-is-layout-flow\">\n<figure class=\"wp-block-image size-large\"><img loading=\"lazy\" decoding=\"async\" width=\"819\" height=\"1024\" src=\"https:\/\/kulttuurigoesbaari.fi\/wp-content\/uploads\/2026\/03\/aikataulu-2026-ale-pub-819x1024.jpg\" alt=\"\" class=\"wp-image-1327\" srcset=\"https:\/\/kulttuurigoesbaari.fi\/wp-content\/uploads\/2026\/03\/aikataulu-2026-ale-pub-819x1024.jpg 819w, https:\/\/kulttuurigoesbaari.fi\/wp-content\/uploads\/2026\/03\/aikataulu-2026-ale-pub-240x300.jpg 240w, https:\/\/kulttuurigoesbaari.fi\/wp-content\/uploads\/2026\/03\/aikataulu-2026-ale-pub-768x960.jpg 768w, https:\/\/kulttuurigoesbaari.fi\/wp-content\/uploads\/2026\/03\/aikataulu-2026-ale-pub.jpg 1080w\" sizes=\"auto, (max-width: 819px) 100vw, 819px\" \/><\/figure>\n<\/div>\n\n\n\n<div class=\"wp-block-column is-layout-flow wp-block-column-is-layout-flow\">\n<figure class=\"wp-block-image size-large\"><img loading=\"lazy\" decoding=\"async\" width=\"819\" height=\"1024\" src=\"https:\/\/kulttuurigoesbaari.fi\/wp-content\/uploads\/2026\/03\/aikataulu-2026-baana-pub-1-819x1024.jpg\" alt=\"\" class=\"wp-image-1351\" srcset=\"https:\/\/kulttuurigoesbaari.fi\/wp-content\/uploads\/2026\/03\/aikataulu-2026-baana-pub-1-819x1024.jpg 819w, https:\/\/kulttuurigoesbaari.fi\/wp-content\/uploads\/2026\/03\/aikataulu-2026-baana-pub-1-240x300.jpg 240w, https:\/\/kulttuurigoesbaari.fi\/wp-content\/uploads\/2026\/03\/aikataulu-2026-baana-pub-1-768x960.jpg 768w, https:\/\/kulttuurigoesbaari.fi\/wp-content\/uploads\/2026\/03\/aikataulu-2026-baana-pub-1.jpg 1080w\" sizes=\"auto, (max-width: 819px) 100vw, 819px\" \/><\/figure>\n<\/div>\n<\/div>\n\n\n\n<div class=\"wp-block-columns is-layout-flex wp-container-core-columns-is-layout-9d6595d7 wp-block-columns-is-layout-flex\">\n<div class=\"wp-block-column is-layout-flow wp-block-column-is-layout-flow\">\n<figure class=\"wp-block-image size-large\"><img loading=\"lazy\" decoding=\"async\" width=\"819\" height=\"1024\" src=\"https:\/\/kulttuurigoesbaari.fi\/wp-content\/uploads\/2026\/03\/aikataulu-2026-check-inn-819x1024.jpg\" alt=\"\" class=\"wp-image-1330\" srcset=\"https:\/\/kulttuurigoesbaari.fi\/wp-content\/uploads\/2026\/03\/aikataulu-2026-check-inn-819x1024.jpg 819w, https:\/\/kulttuurigoesbaari.fi\/wp-content\/uploads\/2026\/03\/aikataulu-2026-check-inn-240x300.jpg 240w, https:\/\/kulttuurigoesbaari.fi\/wp-content\/uploads\/2026\/03\/aikataulu-2026-check-inn-768x960.jpg 768w, https:\/\/kulttuurigoesbaari.fi\/wp-content\/uploads\/2026\/03\/aikataulu-2026-check-inn.jpg 1080w\" sizes=\"auto, (max-width: 819px) 100vw, 819px\" \/><\/figure>\n<\/div>\n\n\n\n<div class=\"wp-block-column is-layout-flow wp-block-column-is-layout-flow\">\n<figure class=\"wp-block-image size-large\"><img loading=\"lazy\" decoding=\"async\" width=\"819\" height=\"1024\" src=\"https:\/\/kulttuurigoesbaari.fi\/wp-content\/uploads\/2026\/03\/aikataulu-2026-crafters-819x1024.jpg\" alt=\"\" class=\"wp-image-1331\" srcset=\"https:\/\/kulttuurigoesbaari.fi\/wp-content\/uploads\/2026\/03\/aikataulu-2026-crafters-819x1024.jpg 819w, https:\/\/kulttuurigoesbaari.fi\/wp-content\/uploads\/2026\/03\/aikataulu-2026-crafters-240x300.jpg 240w, https:\/\/kulttuurigoesbaari.fi\/wp-content\/uploads\/2026\/03\/aikataulu-2026-crafters-768x960.jpg 768w, https:\/\/kulttuurigoesbaari.fi\/wp-content\/uploads\/2026\/03\/aikataulu-2026-crafters.jpg 1080w\" sizes=\"auto, (max-width: 819px) 100vw, 819px\" \/><\/figure>\n<\/div>\n<\/div>\n\n\n\n<div class=\"wp-block-columns is-layout-flex wp-container-core-columns-is-layout-9d6595d7 wp-block-columns-is-layout-flex\">\n<div class=\"wp-block-column is-layout-flow wp-block-column-is-layout-flow\">\n<figure class=\"wp-block-image size-large\"><img loading=\"lazy\" decoding=\"async\" width=\"819\" height=\"1024\" src=\"https:\/\/kulttuurigoesbaari.fi\/wp-content\/uploads\/2026\/03\/aikataulu-2026-haarikka-819x1024.jpg\" alt=\"\" class=\"wp-image-1332\" srcset=\"https:\/\/kulttuurigoesbaari.fi\/wp-content\/uploads\/2026\/03\/aikataulu-2026-haarikka-819x1024.jpg 819w, https:\/\/kulttuurigoesbaari.fi\/wp-content\/uploads\/2026\/03\/aikataulu-2026-haarikka-240x300.jpg 240w, https:\/\/kulttuurigoesbaari.fi\/wp-content\/uploads\/2026\/03\/aikataulu-2026-haarikka-768x960.jpg 768w, https:\/\/kulttuurigoesbaari.fi\/wp-content\/uploads\/2026\/03\/aikataulu-2026-haarikka.jpg 1080w\" sizes=\"auto, (max-width: 819px) 100vw, 819px\" \/><\/figure>\n<\/div>\n\n\n\n<div class=\"wp-block-column is-layout-flow wp-block-column-is-layout-flow\">\n<figure class=\"wp-block-image size-large\"><img loading=\"lazy\" decoding=\"async\" width=\"819\" height=\"1024\" src=\"https:\/\/kulttuurigoesbaari.fi\/wp-content\/uploads\/2026\/03\/aikataulu-2026-joutsen-819x1024.jpg\" alt=\"\" class=\"wp-image-1333\" srcset=\"https:\/\/kulttuurigoesbaari.fi\/wp-content\/uploads\/2026\/03\/aikataulu-2026-joutsen-819x1024.jpg 819w, https:\/\/kulttuurigoesbaari.fi\/wp-content\/uploads\/2026\/03\/aikataulu-2026-joutsen-240x300.jpg 240w, https:\/\/kulttuurigoesbaari.fi\/wp-content\/uploads\/2026\/03\/aikataulu-2026-joutsen-768x960.jpg 768w, https:\/\/kulttuurigoesbaari.fi\/wp-content\/uploads\/2026\/03\/aikataulu-2026-joutsen.jpg 1080w\" sizes=\"auto, (max-width: 819px) 100vw, 819px\" \/><\/figure>\n<\/div>\n<\/div>\n\n\n\n<div class=\"wp-block-columns is-layout-flex wp-container-core-columns-is-layout-9d6595d7 wp-block-columns-is-layout-flex\">\n<div class=\"wp-block-column is-layout-flow wp-block-column-is-layout-flow\">\n<figure class=\"wp-block-image size-large\"><img loading=\"lazy\" decoding=\"async\" width=\"819\" height=\"1024\" src=\"https:\/\/kulttuurigoesbaari.fi\/wp-content\/uploads\/2026\/03\/aikataulu-2026-medicin-man-819x1024.jpg\" alt=\"\" class=\"wp-image-1334\" srcset=\"https:\/\/kulttuurigoesbaari.fi\/wp-content\/uploads\/2026\/03\/aikataulu-2026-medicin-man-819x1024.jpg 819w, https:\/\/kulttuurigoesbaari.fi\/wp-content\/uploads\/2026\/03\/aikataulu-2026-medicin-man-240x300.jpg 240w, https:\/\/kulttuurigoesbaari.fi\/wp-content\/uploads\/2026\/03\/aikataulu-2026-medicin-man-768x960.jpg 768w, https:\/\/kulttuurigoesbaari.fi\/wp-content\/uploads\/2026\/03\/aikataulu-2026-medicin-man.jpg 1080w\" sizes=\"auto, (max-width: 819px) 100vw, 819px\" \/><\/figure>\n<\/div>\n\n\n\n<div class=\"wp-block-column is-layout-flow wp-block-column-is-layout-flow\">\n<figure class=\"wp-block-image size-large\"><img loading=\"lazy\" decoding=\"async\" width=\"819\" height=\"1024\" src=\"https:\/\/kulttuurigoesbaari.fi\/wp-content\/uploads\/2026\/03\/aikataulu-2026-slo-room-819x1024.jpg\" alt=\"\" class=\"wp-image-1335\" srcset=\"https:\/\/kulttuurigoesbaari.fi\/wp-content\/uploads\/2026\/03\/aikataulu-2026-slo-room-819x1024.jpg 819w, https:\/\/kulttuurigoesbaari.fi\/wp-content\/uploads\/2026\/03\/aikataulu-2026-slo-room-240x300.jpg 240w, https:\/\/kulttuurigoesbaari.fi\/wp-content\/uploads\/2026\/03\/aikataulu-2026-slo-room-768x960.jpg 768w, https:\/\/kulttuurigoesbaari.fi\/wp-content\/uploads\/2026\/03\/aikataulu-2026-slo-room.jpg 1080w\" sizes=\"auto, (max-width: 819px) 100vw, 819px\" \/><\/figure>\n<\/div>\n<\/div>\n\n\n\n<div class=\"wp-block-columns is-layout-flex wp-container-core-columns-is-layout-9d6595d7 wp-block-columns-is-layout-flex\">\n<div class=\"wp-block-column is-layout-flow wp-block-column-is-layout-flow\">\n<figure class=\"wp-block-image size-large\"><img loading=\"lazy\" decoding=\"async\" width=\"819\" height=\"1024\" src=\"https:\/\/kulttuurigoesbaari.fi\/wp-content\/uploads\/2026\/03\/aikataulu-2026-tapahtumatehdas-819x1024.jpg\" alt=\"\" class=\"wp-image-1336\" srcset=\"https:\/\/kulttuurigoesbaari.fi\/wp-content\/uploads\/2026\/03\/aikataulu-2026-tapahtumatehdas-819x1024.jpg 819w, https:\/\/kulttuurigoesbaari.fi\/wp-content\/uploads\/2026\/03\/aikataulu-2026-tapahtumatehdas-240x300.jpg 240w, https:\/\/kulttuurigoesbaari.fi\/wp-content\/uploads\/2026\/03\/aikataulu-2026-tapahtumatehdas-768x960.jpg 768w, https:\/\/kulttuurigoesbaari.fi\/wp-content\/uploads\/2026\/03\/aikataulu-2026-tapahtumatehdas.jpg 1080w\" sizes=\"auto, (max-width: 819px) 100vw, 819px\" \/><\/figure>\n<\/div>\n\n\n\n<div class=\"wp-block-column is-layout-flow wp-block-column-is-layout-flow\">\n<figure class=\"wp-block-image size-large\"><img loading=\"lazy\" decoding=\"async\" width=\"819\" height=\"1024\" src=\"https:\/\/kulttuurigoesbaari.fi\/wp-content\/uploads\/2026\/03\/aikataulu-2026-tolpan-krouvi-819x1024.jpg\" alt=\"\" class=\"wp-image-1337\" srcset=\"https:\/\/kulttuurigoesbaari.fi\/wp-content\/uploads\/2026\/03\/aikataulu-2026-tolpan-krouvi-819x1024.jpg 819w, https:\/\/kulttuurigoesbaari.fi\/wp-content\/uploads\/2026\/03\/aikataulu-2026-tolpan-krouvi-240x300.jpg 240w, https:\/\/kulttuurigoesbaari.fi\/wp-content\/uploads\/2026\/03\/aikataulu-2026-tolpan-krouvi-768x960.jpg 768w, https:\/\/kulttuurigoesbaari.fi\/wp-content\/uploads\/2026\/03\/aikataulu-2026-tolpan-krouvi.jpg 1080w\" sizes=\"auto, (max-width: 819px) 100vw, 819px\" \/><\/figure>\n<\/div>\n<\/div>\n","protected":false},"excerpt":{"rendered":"<div class=\"mh-excerpt\"><p>Vuoden 2026 Kulttuuri Goes Baari kaupunkifestarin baarikohtaiset aikataulut l\u00f6ytyv\u00e4t t\u00e4\u00e4lt\u00e4. Alla my\u00f6s kaikki aikataulut pdf-muotoisena vaikka tulostettavaksi taskuun! Kulttuuri Goes Baari 2026 aikataulu &#8211; kaikki <a class=\"mh-excerpt-more\" href=\"https:\/\/kulttuurigoesbaari.fi\/?page_id=866\" title=\"Tapahtuman aikataulu 2026\">[&#8230;]<\/a><\/p>\n<\/div>","protected":false},"author":3,"featured_media":0,"parent":0,"menu_order":0,"comment_status":"closed","ping_status":"closed","template":"","meta":{"footnotes":""},"class_list":["post-866","page","type-page","status-publish","hentry"],"_links":{"self":[{"href":"https:\/\/kulttuurigoesbaari.fi\/index.php?rest_route=\/wp\/v2\/pages\/866","targetHints":{"allow":["GET"]}}],"collection":[{"href":"https:\/\/kulttuurigoesbaari.fi\/index.php?rest_route=\/wp\/v2\/pages"}],"about":[{"href":"https:\/\/kulttuurigoesbaari.fi\/index.php?rest_route=\/wp\/v2\/types\/page"}],"author":[{"embeddable":true,"href":"https:\/\/kulttuurigoesbaari.fi\/index.php?rest_route=\/wp\/v2\/users\/3"}],"replies":[{"embeddable":true,"href":"https:\/\/kulttuurigoesbaari.fi\/index.php?rest_route=%2Fwp%2Fv2%2Fcomments&post=866"}],"version-history":[{"count":20,"href":"https:\/\/kulttuurigoesbaari.fi\/index.php?rest_route=\/wp\/v2\/pages\/866\/revisions"}],"predecessor-version":[{"id":1353,"href":"https:\/\/kulttuurigoesbaari.fi\/index.php?rest_route=\/wp\/v2\/pages\/866\/revisions\/1353"}],"wp:attachment":[{"href":"https:\/\/kulttuurigoesbaari.fi\/index.php?rest_route=%2Fwp%2Fv2%2Fmedia&parent=866"}],"curies":[{"name":"wp","href":"https:\/\/api.w.org\/{rel}","templated":true}]}}