{"id":1089,"date":"2026-02-08T13:55:47","date_gmt":"2026-02-08T11:55:47","guid":{"rendered":"https:\/\/kulttuurigoesbaari.fi\/?page_id=1089"},"modified":"2026-03-17T20:40:55","modified_gmt":"2026-03-17T18:40:55","slug":"esiintyjat-2026-tapahtumatehdas","status":"publish","type":"page","link":"https:\/\/kulttuurigoesbaari.fi\/?page_id=1089","title":{"rendered":"Esiintyj\u00e4t 2026 &#8211; Tapahtumatehdas"},"content":{"rendered":"\n<p>Uusi tapahtumatila Hyvink\u00e4\u00e4ll\u00e4, jossa voit j\u00e4rjest\u00e4\u00e4 my\u00f6s omat seuraavat juhlasi. J\u00e4rjest\u00e4mme my\u00f6s omia avoimia tapahtumia.<\/p>\n\n\n\n<p>Hyvink\u00e4\u00e4n Taiteilijaseura on mukana Kulttuuri Goes Baarissa Croquis-piirustuspisteell\u00e4 Tapahtumatehtaalla.<\/p>\n\n\n\n<p>Piirustussessiot 30 min klo 17:15 &amp; klo 18:45.<\/p>\n\n\n\n<p>Tapahtumaa ohjaa kuvataiteilija Salla Lehtinen ja mallina toimii Mirjami Lindholm. Tilaisuuteen on vapaa p\u00e4\u00e4sy ja vapaaehtoinen maksu mallille. Soveltuu kaiken tasoisille piirt\u00e4jille. Tervetuloa piirt\u00e4m\u00e4\u00e4n el\u00e4v\u00e4\u00e4 mallia ja nauttimaan illasta!<\/p>\n\n\n\n<p><a href=\"https:\/\/www.tapahtumatehdas.fi\/\" target=\"_blank\" rel=\"noreferrer noopener\">Tapahtumatehdas Hyvink\u00e4\u00e4<\/a><br><a href=\"https:\/\/www.facebook.com\/profile.php?id=61588357106537\" target=\"_blank\" rel=\"noreferrer noopener\">Facebook<\/a><br><a href=\"https:\/\/www.instagram.com\/tapahtumatehdashyvinkaa\/\" target=\"_blank\" rel=\"noreferrer noopener\">Instagram<\/a><\/p>\n\n\n\n<div class=\"wp-block-columns is-layout-flex wp-container-core-columns-is-layout-9d6595d7 wp-block-columns-is-layout-flex\">\n<div class=\"wp-block-column is-layout-flow wp-block-column-is-layout-flow\">\n<figure class=\"wp-block-image size-large\"><img loading=\"lazy\" decoding=\"async\" width=\"819\" height=\"1024\" src=\"https:\/\/kulttuurigoesbaari.fi\/wp-content\/uploads\/2026\/02\/2026_aloha-hyvinkaa-819x1024.jpg\" alt=\"\" class=\"wp-image-1286\" srcset=\"https:\/\/kulttuurigoesbaari.fi\/wp-content\/uploads\/2026\/02\/2026_aloha-hyvinkaa-819x1024.jpg 819w, https:\/\/kulttuurigoesbaari.fi\/wp-content\/uploads\/2026\/02\/2026_aloha-hyvinkaa-240x300.jpg 240w, https:\/\/kulttuurigoesbaari.fi\/wp-content\/uploads\/2026\/02\/2026_aloha-hyvinkaa-768x960.jpg 768w, https:\/\/kulttuurigoesbaari.fi\/wp-content\/uploads\/2026\/02\/2026_aloha-hyvinkaa.jpg 1080w\" sizes=\"auto, (max-width: 819px) 100vw, 819px\" \/><\/figure>\n<\/div>\n\n\n\n<div class=\"wp-block-column is-layout-flow wp-block-column-is-layout-flow\">\n<h2 class=\"wp-block-heading\">ALOHA HYVINK\u00c4\u00c4<\/h2>\n\n\n\n<p>Musiikkigenre: Populaarimusiikki<\/p>\n\n\n\n<p><a href=\"https:\/\/www.facebook.com\/groups\/291931354596913\/?ref=share\">Facebook<\/a><\/p>\n\n\n\n<p>Olemme aktiivinen ukulele opiskelijaryhm\u00e4, joka soittaa erilaisia populaarimusiikki biisej\u00e4.<\/p>\n<\/div>\n<\/div>\n\n\n\n<div class=\"wp-block-columns is-layout-flex wp-container-core-columns-is-layout-9d6595d7 wp-block-columns-is-layout-flex\">\n<div class=\"wp-block-column is-layout-flow wp-block-column-is-layout-flow\">\n<figure class=\"wp-block-image size-large\"><img loading=\"lazy\" decoding=\"async\" width=\"819\" height=\"1024\" src=\"https:\/\/kulttuurigoesbaari.fi\/wp-content\/uploads\/2026\/02\/2026_sweet-fork-819x1024.jpg\" alt=\"\" class=\"wp-image-1288\" srcset=\"https:\/\/kulttuurigoesbaari.fi\/wp-content\/uploads\/2026\/02\/2026_sweet-fork-819x1024.jpg 819w, https:\/\/kulttuurigoesbaari.fi\/wp-content\/uploads\/2026\/02\/2026_sweet-fork-240x300.jpg 240w, https:\/\/kulttuurigoesbaari.fi\/wp-content\/uploads\/2026\/02\/2026_sweet-fork-768x960.jpg 768w, https:\/\/kulttuurigoesbaari.fi\/wp-content\/uploads\/2026\/02\/2026_sweet-fork.jpg 1080w\" sizes=\"auto, (max-width: 819px) 100vw, 819px\" \/><\/figure>\n<\/div>\n\n\n\n<div class=\"wp-block-column is-layout-flow wp-block-column-is-layout-flow\">\n<h2 class=\"wp-block-heading\">SWEET FORK<\/h2>\n\n\n\n<p>Musiikkigenre: Folk-musiikki, merimieslaulut<\/p>\n\n\n\n<p><a href=\"https:\/\/www.facebook.com\/sweet.fork.band\/\">Facebook<\/a><br><a href=\"https:\/\/www.instagram.com\/sweet.fork.music\/\">Instagram<\/a><br><a href=\"https:\/\/www.youtube.com\/channel\/UCO7gDPOVI_Jr-_Y2T8ESjOQ\">Youtube<\/a><br><a href=\"https:\/\/open.spotify.com\/artist\/6KZWc7KlumTWaRgUyxEaB3\">Spotify<\/a><\/p>\n\n\n\n<p>Kanuunat paukkumaan! Sweet Fork yhtye viihdytt\u00e4\u00e4 merellisten laulujen \u00e4\u00e4rell\u00e4. Luvassa on taattua folk-tunnelmaa myrskyisist\u00e4 aalloista seesteiseen tyveneen. Viulun, kitaran, busukin sek\u00e4 concertinan harmonia menee takuulla jalan alle! Liity purjehduksellemme halki seitsem\u00e4n meren.<\/p>\n\n\n\n<p>Sweet Fork on vuonna 2021 perustettu nelihenkinen sea folk ensemble, jonka juuret ovat vahvasti kansanmusiikissa ja sea shanteissa. Ohjelmisto koostuu omista s\u00e4vellyksist\u00e4 sek\u00e4 perinteisist\u00e4 englanninkielisist\u00e4 merimieslauluista. Sweet Forkin mukana saa laulaa ja keinahdella merellisten s\u00e4velten tahdissa!<\/p>\n<\/div>\n<\/div>\n\n\n\n<div class=\"wp-block-columns is-layout-flex wp-container-core-columns-is-layout-9d6595d7 wp-block-columns-is-layout-flex\">\n<div class=\"wp-block-column is-layout-flow wp-block-column-is-layout-flow\">\n<figure class=\"wp-block-image size-large\"><img loading=\"lazy\" decoding=\"async\" width=\"819\" height=\"1024\" src=\"https:\/\/kulttuurigoesbaari.fi\/wp-content\/uploads\/2026\/02\/2026_los-modulatos-819x1024.jpg\" alt=\"\" class=\"wp-image-1289\" srcset=\"https:\/\/kulttuurigoesbaari.fi\/wp-content\/uploads\/2026\/02\/2026_los-modulatos-819x1024.jpg 819w, https:\/\/kulttuurigoesbaari.fi\/wp-content\/uploads\/2026\/02\/2026_los-modulatos-240x300.jpg 240w, https:\/\/kulttuurigoesbaari.fi\/wp-content\/uploads\/2026\/02\/2026_los-modulatos-768x960.jpg 768w, https:\/\/kulttuurigoesbaari.fi\/wp-content\/uploads\/2026\/02\/2026_los-modulatos.jpg 1080w\" sizes=\"auto, (max-width: 819px) 100vw, 819px\" \/><\/figure>\n<\/div>\n\n\n\n<div class=\"wp-block-column is-layout-flow wp-block-column-is-layout-flow\">\n<h2 class=\"wp-block-heading\">LOS MODULATOS<\/h2>\n\n\n\n<p>Musiikkigenre: Iskelm\u00e4 \/ bile<\/p>\n\n\n\n<p><a href=\"https:\/\/www.facebook.com\/groups\/178769954332\">Facebook<\/a><\/p>\n\n\n\n<p>Tanssittavaa musiikkia aikuiseen makuun.<\/p>\n<\/div>\n<\/div>\n\n\n\n<div class=\"wp-block-columns is-layout-flex wp-container-core-columns-is-layout-9d6595d7 wp-block-columns-is-layout-flex\">\n<div class=\"wp-block-column is-layout-flow wp-block-column-is-layout-flow\">\n<figure class=\"wp-block-image size-large\"><img loading=\"lazy\" decoding=\"async\" width=\"819\" height=\"1024\" src=\"https:\/\/kulttuurigoesbaari.fi\/wp-content\/uploads\/2026\/02\/2026_preerian-osteri-819x1024.jpg\" alt=\"\" class=\"wp-image-1290\" srcset=\"https:\/\/kulttuurigoesbaari.fi\/wp-content\/uploads\/2026\/02\/2026_preerian-osteri-819x1024.jpg 819w, https:\/\/kulttuurigoesbaari.fi\/wp-content\/uploads\/2026\/02\/2026_preerian-osteri-240x300.jpg 240w, https:\/\/kulttuurigoesbaari.fi\/wp-content\/uploads\/2026\/02\/2026_preerian-osteri-768x960.jpg 768w, https:\/\/kulttuurigoesbaari.fi\/wp-content\/uploads\/2026\/02\/2026_preerian-osteri.jpg 1080w\" sizes=\"auto, (max-width: 819px) 100vw, 819px\" \/><\/figure>\n<\/div>\n\n\n\n<div class=\"wp-block-column is-layout-flow wp-block-column-is-layout-flow\">\n<h2 class=\"wp-block-heading\">PREERIAN OSTERI<\/h2>\n\n\n\n<p>Musiikkigenre: Suomenkielinen kantri texmex mausteilla<\/p>\n\n\n\n<p><a href=\"https:\/\/www.facebook.com\/preerianosteri\/\">Facebook<\/a><br><a href=\"https:\/\/youtube.com\/watch?v=ZYWtHz8JBOo&amp;feature=shared\">Youtube<\/a><\/p>\n\n\n\n<p>Preerian Osteri joka soittaa suomenkielist\u00e4 kantrirokkia tex-mex-mausteilla. Preerian Osterit on perustettu 1986 ja tuotannossa paljon omia kappaleita sek\u00e4 ulkomaisia kantrin outlaw klassikoita.<\/p>\n<\/div>\n<\/div>\n\n\n\n<div class=\"wp-block-columns is-layout-flex wp-container-core-columns-is-layout-9d6595d7 wp-block-columns-is-layout-flex\">\n<div class=\"wp-block-column is-layout-flow wp-block-column-is-layout-flow\">\n<figure class=\"wp-block-image size-large\"><img loading=\"lazy\" decoding=\"async\" width=\"819\" height=\"1024\" src=\"https:\/\/kulttuurigoesbaari.fi\/wp-content\/uploads\/2026\/02\/2026_brooke-logans-819x1024.jpg\" alt=\"\" class=\"wp-image-1291\" srcset=\"https:\/\/kulttuurigoesbaari.fi\/wp-content\/uploads\/2026\/02\/2026_brooke-logans-819x1024.jpg 819w, https:\/\/kulttuurigoesbaari.fi\/wp-content\/uploads\/2026\/02\/2026_brooke-logans-240x300.jpg 240w, https:\/\/kulttuurigoesbaari.fi\/wp-content\/uploads\/2026\/02\/2026_brooke-logans-768x960.jpg 768w, https:\/\/kulttuurigoesbaari.fi\/wp-content\/uploads\/2026\/02\/2026_brooke-logans.jpg 1080w\" sizes=\"auto, (max-width: 819px) 100vw, 819px\" \/><\/figure>\n<\/div>\n\n\n\n<div class=\"wp-block-column is-layout-flow wp-block-column-is-layout-flow\">\n<h2 class=\"wp-block-heading\">BROOKE LOGANS<\/h2>\n\n\n\n<p>Musiikkigenre: Indierock<\/p>\n\n\n\n<p><a href=\"https:\/\/brookelogans.com\/\">Nettisivut<\/a><br><a href=\"https:\/\/www.facebook.com\/brookelogansband\/\">Facebook<\/a><br><a href=\"https:\/\/www.instagram.com\/brookelogansband\/\">Instagram<\/a><br><a href=\"https:\/\/www.youtube.com\/channel\/UC5EWpSrEYCsl_JW5P-XS8Uw\">Youtube<\/a><br><a href=\"https:\/\/open.spotify.com\/album\/0BKIaTcZ9ljGLZVjfNvi1I\">Spotify<\/a><\/p>\n\n\n\n<p>Brooke Logans on helsinkil\u00e4inen energist\u00e4 kitaravetoista indierokkia soittava b\u00e4ndi.<\/p>\n<\/div>\n<\/div>\n\n\n\n<p><\/p>\n","protected":false},"excerpt":{"rendered":"<div class=\"mh-excerpt\"><p>Uusi tapahtumatila Hyvink\u00e4\u00e4ll\u00e4, jossa voit j\u00e4rjest\u00e4\u00e4 my\u00f6s omat seuraavat juhlasi. J\u00e4rjest\u00e4mme my\u00f6s omia avoimia tapahtumia. Hyvink\u00e4\u00e4n Taiteilijaseura on mukana Kulttuuri Goes Baarissa Croquis-piirustuspisteell\u00e4 Tapahtumatehtaalla. Piirustussessiot <a class=\"mh-excerpt-more\" href=\"https:\/\/kulttuurigoesbaari.fi\/?page_id=1089\" title=\"Esiintyj\u00e4t 2026 &#8211; Tapahtumatehdas\">[&#8230;]<\/a><\/p>\n<\/div>","protected":false},"author":3,"featured_media":0,"parent":866,"menu_order":0,"comment_status":"closed","ping_status":"closed","template":"","meta":{"footnotes":""},"class_list":["post-1089","page","type-page","status-publish","hentry"],"_links":{"self":[{"href":"https:\/\/kulttuurigoesbaari.fi\/index.php?rest_route=\/wp\/v2\/pages\/1089","targetHints":{"allow":["GET"]}}],"collection":[{"href":"https:\/\/kulttuurigoesbaari.fi\/index.php?rest_route=\/wp\/v2\/pages"}],"about":[{"href":"https:\/\/kulttuurigoesbaari.fi\/index.php?rest_route=\/wp\/v2\/types\/page"}],"author":[{"embeddable":true,"href":"https:\/\/kulttuurigoesbaari.fi\/index.php?rest_route=\/wp\/v2\/users\/3"}],"replies":[{"embeddable":true,"href":"https:\/\/kulttuurigoesbaari.fi\/index.php?rest_route=%2Fwp%2Fv2%2Fcomments&post=1089"}],"version-history":[{"count":7,"href":"https:\/\/kulttuurigoesbaari.fi\/index.php?rest_route=\/wp\/v2\/pages\/1089\/revisions"}],"predecessor-version":[{"id":1349,"href":"https:\/\/kulttuurigoesbaari.fi\/index.php?rest_route=\/wp\/v2\/pages\/1089\/revisions\/1349"}],"up":[{"embeddable":true,"href":"https:\/\/kulttuurigoesbaari.fi\/index.php?rest_route=\/wp\/v2\/pages\/866"}],"wp:attachment":[{"href":"https:\/\/kulttuurigoesbaari.fi\/index.php?rest_route=%2Fwp%2Fv2%2Fmedia&parent=1089"}],"curies":[{"name":"wp","href":"https:\/\/api.w.org\/{rel}","templated":true}]}}